{"id":2454,"date":"2017-07-10T10:28:41","date_gmt":"2017-07-10T10:28:41","guid":{"rendered":"https:\/\/smartwpress.com\/lucille5\/?page_id=2"},"modified":"2020-04-20T22:56:48","modified_gmt":"2020-04-20T22:56:48","slug":"lehrer","status":"publish","type":"page","link":"https:\/\/guillermocasillas.com\/index.php\/lehrer\/","title":{"rendered":"Lehrer"},"content":{"rendered":"<div id=\"block_1000328\" class=\"cd-block\" data-block-type=\"24\">\n<div id=\"block_1000328_content\" class=\"cd-block-content\">\n<h1>Musikschule Reichenburg<\/h1>\n<h1>Vorstellung&nbsp;<\/h1>\n<\/div>\n<\/div>\n<div id=\"block_1000307\" class=\"cd-block\" data-block-type=\"0\">\n<div id=\"block_1000307_content\" class=\"cd-block-content\">\n<div>Ziel und Zweck unserer Musikschule ist einerseits der Beitrag zur kulturellen Vielfalt der Gemeinde Reichenburg, andererseits wollen wir den &#8222;Kleinen&#8220; etwas f\u00fcr die Zukunft mitgeben.&nbsp;Dank der \u00fcberschaubaren Gr\u00f6sse und der kurzen Wege innerhalb der diversen Aufgabengebiete, sind wir unkompliziert und k\u00f6nnen schnell auf Anfragen \/ \u00c4nderungen \/ etc. reagieren. Zudem sind wir in der Lage, Ihnen lukrative Angebote rund um die Blasmusikaus-bildung zu unterbreiten.<\/div>\n<div>&nbsp;<\/div>\n<div>Das heutige Freizeitangebot ist schier unendlich und meines&nbsp;Erachtens ist Blasmusik etwas vom sch\u00f6nsten und lehrreichsten. Ein Orchester funktioniert nur, wenn alle Mitglieder zusammenspielen; in Dynamik, Tempo oder Intonation.<\/div>\n<div>&nbsp;<\/div>\n<div>Egal welche Sprache man spricht oder welcher Kultur man angeh\u00f6rt: Musik spielen alle mit denselben Noten und gem\u00e4ss denselben Zeichen des Dirigenten. Diese Eigenschaften des Aus\u00fcbens der Blasmusik sind die besten Lehren f\u00fcr die Zukunft \/ das Leben.&nbsp;<\/div>\n<div>&nbsp;<\/div>\n<\/div>\n<\/div>\n<div id=\"block_1000375\" class=\"cd-block\" data-block-type=\"24\">\n<div id=\"block_1000375_content\" class=\"cd-block-content\">\n<h1>Angebote<\/h1>\n<\/div>\n<\/div>\n<div id=\"block_1000376\" class=\"cd-block\" data-block-type=\"0\">\n<div id=\"block_1000376_content\" class=\"cd-block-content\">\n<div><strong>Instrumente<\/strong><\/div>\n<div>Wir bieten den Unterricht f\u00fcr Holz- (Klarinette, Saxophon, Querfl\u00f6te) sowie Blechblasinstrumente (Trompete, Horn, Waldhorn, Posaune, etc.) an. Zus\u00e4tzlich kann bei uns auch das Schlagzeug (inkl. Perskussionsinstrumente wie Xylophon, Timpani, etc.) erlernt werden. Nicht angeboten werden Tasten- sowie Saiteninstrumente.<\/div>\n<div>&nbsp;<\/div>\n<div><strong>Unterricht<\/strong><\/div>\n<div>Wir unterrichten sowohl Anf\u00e4nger im Kindes- als auch im Erwachsenenalter, sowie fortgeschrittene, welche ihre F\u00e4higkeiten erweitern \/ auffrischen m\u00f6chten. Sie finden sowohl Tarifblatt als auch das Reglement zur Musikausbildung unter <a href=\"https:\/\/mgreichenburg.ch\/musikschule\/dokumente\" target=\"_blank\" rel=\"noopener noreferrer\">Dokumente<\/a>.<\/div>\n<div>Unsere Lehrer\/Innen sind allesamt professionell ausgebildet (z.B. &#8222;Bachelor of Arts&#8220;) und\/oder haben langj\u00e4hrige Erfahrungen im Unterrichten. Die bei uns angestellten Musiklehrer\/Innen finden Sie unter <a href=\"https:\/\/www.mgreichenburg.ch\/musikschule\/team\" target=\"_blank\" rel=\"noopener noreferrer\">Unser Team<\/a>.<\/div>\n<div>&nbsp;<\/div>\n<div><strong>Jugendspiel<\/strong><\/div>\n<div>Um das Spielen im Orchester und die Kameradschaften zu f\u00f6rdern, haben Jungmusikanten und Musikantinnen die M\u00f6glichkeit im Jugendspiel mitzuwirken. Regelm\u00e4ssige Auftritte an der \u00d6ffentlichkeit sorgen daf\u00fcr, dass sie auch mal aus dem Proberaum rauskommen.<\/div>\n<\/div>\n<div>\n<p><strong>Liebe Musikfreunde &amp; -freundinnen<\/strong><\/p>\n<p>Haben Sie Fragen&nbsp;zu den Themen Blasmusik, Unterricht, Instrumenten-beschaffung oder -miete?<\/p>\n<\/div>\n<p>Manuel.Huber@mgreichenburg.ch<\/p>\n<div>\n<p>Z\u00f6gern Sie nicht mit&nbsp;der oben genannten E-Mail Adresse zu kontaktieren!<\/p>\n<p><a href=\"https:\/\/mgreichenburg.ch\/musikschule\">https:\/\/mgreichenburg.ch\/musikschule<\/a><\/p>\n<\/div>\n<\/div>\n\n\n<p>&nbsp;<\/p>\n","protected":false},"excerpt":{"rendered":"<p>Musikschule Reichenburg Vorstellung&nbsp; Ziel und Zweck unserer Musikschule ist einerseits der Beitrag zur kulturellen Vielfalt der Gemeinde Reichenburg, andererseits wollen wir den &#8222;Kleinen&#8220; etwas f\u00fcr die Zukunft mitgeben.&nbsp;Dank der \u00fcberschaubaren Gr\u00f6sse und der kurzen Wege innerhalb der diversen Aufgabengebiete, sind&#8230;<\/p>\n","protected":false},"author":1,"featured_media":0,"parent":0,"menu_order":0,"comment_status":"closed","ping_status":"open","template":"","meta":{"footnotes":""},"class_list":["post-2454","page","type-page","status-publish","hentry"],"_links":{"self":[{"href":"https:\/\/guillermocasillas.com\/index.php\/wp-json\/wp\/v2\/pages\/2454","targetHints":{"allow":["GET"]}}],"collection":[{"href":"https:\/\/guillermocasillas.com\/index.php\/wp-json\/wp\/v2\/pages"}],"about":[{"href":"https:\/\/guillermocasillas.com\/index.php\/wp-json\/wp\/v2\/types\/page"}],"author":[{"embeddable":true,"href":"https:\/\/guillermocasillas.com\/index.php\/wp-json\/wp\/v2\/users\/1"}],"replies":[{"embeddable":true,"href":"https:\/\/guillermocasillas.com\/index.php\/wp-json\/wp\/v2\/comments?post=2454"}],"version-history":[{"count":6,"href":"https:\/\/guillermocasillas.com\/index.php\/wp-json\/wp\/v2\/pages\/2454\/revisions"}],"predecessor-version":[{"id":2779,"href":"https:\/\/guillermocasillas.com\/index.php\/wp-json\/wp\/v2\/pages\/2454\/revisions\/2779"}],"wp:attachment":[{"href":"https:\/\/guillermocasillas.com\/index.php\/wp-json\/wp\/v2\/media?parent=2454"}],"curies":[{"name":"wp","href":"https:\/\/api.w.org\/{rel}","templated":true}]}}