{"id":2,"date":"2020-04-18T11:45:56","date_gmt":"2020-04-18T11:45:56","guid":{"rendered":"https:\/\/guillermocasillas.com\/?page_id=2"},"modified":"2023-12-06T15:04:31","modified_gmt":"2023-12-06T15:04:31","slug":"ueber-mich","status":"publish","type":"page","link":"https:\/\/guillermocasillas.com\/index.php\/ueber-mich\/","title":{"rendered":"\u00dcber mich"},"content":{"rendered":"\n<p>Guillermo Casillas (*1986) w\u00e4chst in \u00c0vila (Spanien) mit einer grossen Blasmusiktradition auf und spielt schon fr\u00fch im \u00f6rtlichen Musikverein mit. 2008 erlangt er am Conservatorio Superior de Musica in Salamanca (Spanien) die Licenciatura de Trompeta mit Roberto Bodi. und studiert anschliessend in Holland bei Prof. Frits Damrow weiter. Nach dem Bachelor Abschluss in Amsterdam setzt er sein Studium an der Z\u00fcrcher Hochschule der K\u00fcnste (ZHdK) bei Frits Damrow und Laurent Tinguely fort und schliesst 2012 zuerst den Master f\u00fcr Orchestermusik (Barock- und Jazz- trompete im Nebenfach) und 2015 den Master f\u00fcr P\u00e4dagogik ab.<\/p>\n\n\n\n<p>Mit seiner fundierten klassischen Ausbildung im Fach Trompete ist er gefragter Trompetenlehrer an verschiedenen Musikschulen. Seit 2018 leitet er den Musikgesellschaft Reichenburg, die Jugendmusik Reichenburg sowie die Brass Band Posaunen Chor Rorbas. Seit 2019 leitet er die BrassBand M\u00fchlau und seit 2020 die Musikverein Romanshorn. Ab 2021 leitet er die Musikgesellschaft Alpenr\u00f6sli Gommiswald.<\/p>\n\n\n\n<p>Guillermo Casillas ist sehr vielf\u00e4ltig als Trompeter t\u00e4tig, so ist er Zuz\u00fcger in diversen namhaften Orchestern (Opernhaus Z\u00fcrich, Argovia Philharmonic) und als Solist und Kammermusiker zu h\u00f6ren.<\/p>\n\n\n\n<p>&nbsp;<\/p>\n","protected":false},"excerpt":{"rendered":"<p>Guillermo Casillas (*1986) w\u00e4chst in \u00c0vila (Spanien) mit einer grossen Blasmusiktradition auf und spielt schon fr\u00fch im \u00f6rtlichen Musikverein mit. 2008 erlangt er am Conservatorio Superior de Musica in Salamanca (Spanien) die Licenciatura de Trompeta mit Roberto Bodi. und studiert&#8230;<\/p>\n","protected":false},"author":1,"featured_media":0,"parent":0,"menu_order":0,"comment_status":"closed","ping_status":"open","template":"","meta":{"footnotes":""},"class_list":["post-2","page","type-page","status-publish","hentry"],"_links":{"self":[{"href":"https:\/\/guillermocasillas.com\/index.php\/wp-json\/wp\/v2\/pages\/2","targetHints":{"allow":["GET"]}}],"collection":[{"href":"https:\/\/guillermocasillas.com\/index.php\/wp-json\/wp\/v2\/pages"}],"about":[{"href":"https:\/\/guillermocasillas.com\/index.php\/wp-json\/wp\/v2\/types\/page"}],"author":[{"embeddable":true,"href":"https:\/\/guillermocasillas.com\/index.php\/wp-json\/wp\/v2\/users\/1"}],"replies":[{"embeddable":true,"href":"https:\/\/guillermocasillas.com\/index.php\/wp-json\/wp\/v2\/comments?post=2"}],"version-history":[{"count":7,"href":"https:\/\/guillermocasillas.com\/index.php\/wp-json\/wp\/v2\/pages\/2\/revisions"}],"predecessor-version":[{"id":3217,"href":"https:\/\/guillermocasillas.com\/index.php\/wp-json\/wp\/v2\/pages\/2\/revisions\/3217"}],"wp:attachment":[{"href":"https:\/\/guillermocasillas.com\/index.php\/wp-json\/wp\/v2\/media?parent=2"}],"curies":[{"name":"wp","href":"https:\/\/api.w.org\/{rel}","templated":true}]}}