{"id":102,"date":"2016-10-31T10:19:14","date_gmt":"2016-10-31T10:19:14","guid":{"rendered":"http:\/\/smartwpress.com\/lucille3\/?page_id=102"},"modified":"2020-04-29T10:44:06","modified_gmt":"2020-04-29T10:44:06","slug":"kontakt","status":"publish","type":"page","link":"https:\/\/guillermocasillas.com\/index.php\/kontakt\/","title":{"rendered":"Kontakt"},"content":{"rendered":"<p>[vc_row][vc_column][vc_column_text]Ob du meine Musik magst oder einfach nur Hallo sagen m\u00f6chtest, ich w\u00fcrde gerne von dir h\u00f6ren. Folgen Sie mir in den sozialen Medien oder verwenden Sie einfach dieses Kontaktformular, um uns eine E-Mail zu senden<\/p>\n<p><a href=\"mailto:guillermocasillas@yahoo.es\">guillermocasillas@yahoo.es<\/a>[\/vc_column_text][\/vc_column][\/vc_row][vc_row][vc_column][vc_gmaps link=&#8220;#E-8_JTNDaWZyYW1lJTIwc3JjJTNEJTIyaHR0cHMlM0ElMkYlMkZ3d3cuZ29vZ2xlLmNvbSUyRm1hcHMlMkZlbWJlZCUzRnBiJTNEJTIxMW0xOCUyMTFtMTIlMjExbTMlMjExZDE3MjkxMy40MDM0OTQ5ODQ3MyUyMTJkOC4zOTY2MzE5NDE0NjY0MzMlMjEzZDQ3LjM3NzM2OTY3MTk0NDQ4JTIxMm0zJTIxMWYwJTIxMmYwJTIxM2YwJTIxM20yJTIxMWkxMDI0JTIxMmk3NjglMjE0ZjEzLjElMjEzbTMlMjExbTIlMjExczB4NDc5MDBiOTc0OWJlYTIxOSUyNTNBMHhlNjZlOGRmMWU3MWZkYzAzJTIxMnpXc082Y21samFBJTIxNWUwJTIxM20yJTIxMXNlcyUyMTJzY2glMjE0djE1ODgxNTY2ODk0NjglMjE1bTIlMjExc2VzJTIxMnNjaCUyMiUyMHdpZHRoJTNEJTIyNjAwJTIyJTIwaGVpZ2h0JTNEJTIyNDUwJTIyJTIwZnJhbWVib3JkZXIlM0QlMjIwJTIyJTIwc3R5bGUlM0QlMjJib3JkZXIlM0EwJTNCJTIyJTIwYWxsb3dmdWxsc2NyZWVuJTNEJTIyJTIyJTIwYXJpYS1oaWRkZW4lM0QlMjJmYWxzZSUyMiUyMHRhYmluZGV4JTNEJTIyMCUyMiUzRSUzQyUyRmlmcmFtZSUzRQ==&#8220; size=&#8220;&#8220; css_animation=&#8220;fadeIn&#8220;][\/vc_column][\/vc_row]<\/p>\n","protected":false},"excerpt":{"rendered":"<p>[vc_row][vc_column][vc_column_text]Ob du meine Musik magst oder einfach nur Hallo sagen m\u00f6chtest, ich w\u00fcrde gerne von dir h\u00f6ren. Folgen Sie mir in den sozialen Medien oder verwenden Sie einfach dieses Kontaktformular, um uns eine E-Mail zu senden guillermocasillas@yahoo.es[\/vc_column_text][\/vc_column][\/vc_row][vc_row][vc_column][vc_gmaps link=&#8220;#E-8_JTNDaWZyYW1lJTIwc3JjJTNEJTIyaHR0cHMlM0ElMkYlMkZ3d3cuZ29vZ2xlLmNvbSUyRm1hcHMlMkZlbWJlZCUzRnBiJTNEJTIxMW0xOCUyMTFtMTIlMjExbTMlMjExZDE3MjkxMy40MDM0OTQ5ODQ3MyUyMTJkOC4zOTY2MzE5NDE0NjY0MzMlMjEzZDQ3LjM3NzM2OTY3MTk0NDQ4JTIxMm0zJTIxMWYwJTIxMmYwJTIxM2YwJTIxM20yJTIxMWkxMDI0JTIxMmk3NjglMjE0ZjEzLjElMjEzbTMlMjExbTIlMjExczB4NDc5MDBiOTc0OWJlYTIxOSUyNTNBMHhlNjZlOGRmMWU3MWZkYzAzJTIxMnpXc082Y21samFBJTIxNWUwJTIxM20yJTIxMXNlcyUyMTJzY2glMjE0djE1ODgxNTY2ODk0NjglMjE1bTIlMjExc2VzJTIxMnNjaCUyMiUyMHdpZHRoJTNEJTIyNjAwJTIyJTIwaGVpZ2h0JTNEJTIyNDUwJTIyJTIwZnJhbWVib3JkZXIlM0QlMjIwJTIyJTIwc3R5bGUlM0QlMjJib3JkZXIlM0EwJTNCJTIyJTIwYWxsb3dmdWxsc2NyZWVuJTNEJTIyJTIyJTIwYXJpYS1oaWRkZW4lM0QlMjJmYWxzZSUyMiUyMHRhYmluZGV4JTNEJTIyMCUyMiUzRSUzQyUyRmlmcmFtZSUzRQ==&#8220; size=&#8220;&#8220; css_animation=&#8220;fadeIn&#8220;][\/vc_column][\/vc_row]<\/p>\n","protected":false},"author":1,"featured_media":0,"parent":0,"menu_order":0,"comment_status":"closed","ping_status":"closed","template":"template-contact.php","meta":{"footnotes":""},"class_list":["post-102","page","type-page","status-publish","hentry"],"_links":{"self":[{"href":"https:\/\/guillermocasillas.com\/index.php\/wp-json\/wp\/v2\/pages\/102","targetHints":{"allow":["GET"]}}],"collection":[{"href":"https:\/\/guillermocasillas.com\/index.php\/wp-json\/wp\/v2\/pages"}],"about":[{"href":"https:\/\/guillermocasillas.com\/index.php\/wp-json\/wp\/v2\/types\/page"}],"author":[{"embeddable":true,"href":"https:\/\/guillermocasillas.com\/index.php\/wp-json\/wp\/v2\/users\/1"}],"replies":[{"embeddable":true,"href":"https:\/\/guillermocasillas.com\/index.php\/wp-json\/wp\/v2\/comments?post=102"}],"version-history":[{"count":7,"href":"https:\/\/guillermocasillas.com\/index.php\/wp-json\/wp\/v2\/pages\/102\/revisions"}],"predecessor-version":[{"id":3010,"href":"https:\/\/guillermocasillas.com\/index.php\/wp-json\/wp\/v2\/pages\/102\/revisions\/3010"}],"wp:attachment":[{"href":"https:\/\/guillermocasillas.com\/index.php\/wp-json\/wp\/v2\/media?parent=102"}],"curies":[{"name":"wp","href":"https:\/\/api.w.org\/{rel}","templated":true}]}}